{"id":3,"date":"2022-12-13T14:16:33","date_gmt":"2022-12-13T14:16:33","guid":{"rendered":"https:\/\/kos-it.net\/?page_id=3"},"modified":"2025-12-02T15:46:22","modified_gmt":"2025-12-02T15:46:22","slug":"impressum","status":"publish","type":"page","link":"https:\/\/kos-it.net\/en\/impressum\/","title":{"rendered":"Imprint"},"content":{"rendered":"<div data-elementor-type=\"wp-page\" data-elementor-id=\"3\" class=\"elementor elementor-3\" data-elementor-post-type=\"page\">\n\t\t\t\t<div class=\"elementor-element elementor-element-5d41d663 e-flex e-con-boxed e-con e-parent\" data-id=\"5d41d663\" data-element_type=\"container\">\n\t\t\t\t\t<div class=\"e-con-inner\">\n\t\t\t\t<div class=\"elementor-element elementor-element-671b06b0 elementor-widget elementor-widget-text-editor\" data-id=\"671b06b0\" data-element_type=\"widget\" data-widget_type=\"text-editor.default\">\n\t\t\t\t<div class=\"elementor-widget-container\">\n\t\t\t\t\t\t\t\t\t<h2 data-start=\"91\" data-end=\"110\"><strong data-start=\"94\" data-end=\"110\">Wer wir sind<\/strong><\/h2><p>Kos IT L.L.C<\/p><p>Adresse: Mulla Idriz Gjilani, Nr. 413, Kosovo<br \/>Telefonnummer: +383 043860846<br \/>Unsere Website: https:\/\/kos-it.net<\/p><hr data-start=\"260\" data-end=\"263\" \/><h2 data-start=\"265\" data-end=\"282\"><strong data-start=\"268\" data-end=\"282\">Kommentare<\/strong><\/h2><p data-start=\"284\" data-end=\"517\">Wenn Besucher Kommentare auf der Website hinterlassen, sammeln wir die Daten, die im Kommentarformular angezeigt werden, sowie die IP-Adresse des Besuchers und den Browser-User-Agent-String, um die Erkennung von Spam zu unterst\u00fctzen.<\/p><p data-start=\"519\" data-end=\"907\">Eine anonymisierte Zeichenfolge, die aus Ihrer E-Mail-Adresse erstellt wurde (auch als Hash bezeichnet), kann dem Gravatar-Dienst zur Verf\u00fcgung gestellt werden, um zu pr\u00fcfen, ob Sie diesen nutzen. Die Datenschutzrichtlinie von Gravatar finden Sie hier: <a class=\"decorated-link\" href=\"https:\/\/automattic.com\/privacy\/\" target=\"_new\" rel=\"noopener\" data-start=\"772\" data-end=\"803\">https:\/\/automattic.com\/privacy\/<\/a>. Nach der Freigabe Ihres Kommentars ist Ihr Profilbild im Kontext Ihres Kommentars \u00f6ffentlich sichtbar.<\/p><hr data-start=\"909\" data-end=\"912\" \/><h2 data-start=\"914\" data-end=\"927\"><strong data-start=\"917\" data-end=\"927\">Medien<\/strong><\/h2><p data-start=\"929\" data-end=\"1158\">Wenn Sie Bilder auf die Website hochladen, sollten Sie vermeiden, Bilder mit eingebetteten Standortdaten (EXIF GPS) hochzuladen. Besucher der Website k\u00f6nnen Standortdaten aus Bildern auf der Website herunterladen und extrahieren.<\/p><hr data-start=\"1160\" data-end=\"1163\" \/><h2 data-start=\"1165\" data-end=\"1179\"><strong data-start=\"1168\" data-end=\"1179\">Cookies<\/strong><\/h2><p data-start=\"1181\" data-end=\"1517\">Wenn Sie einen Kommentar auf unserer Website hinterlassen, k\u00f6nnen Sie zustimmen, Ihren Namen, Ihre E-Mail-Adresse und Ihre Website in Cookies zu speichern. Dies dient Ihrer Bequemlichkeit, damit Sie Ihre Daten nicht erneut eingeben m\u00fcssen, wenn Sie einen weiteren Kommentar hinterlassen. Diese Cookies bleiben ein Jahr lang gespeichert.<\/p><p data-start=\"1519\" data-end=\"1748\">Wenn Sie unsere Login-Seite besuchen, setzen wir ein tempor\u00e4res Cookie, um festzustellen, ob Ihr Browser Cookies akzeptiert. Dieses Cookie enth\u00e4lt keine personenbezogenen Daten und wird gel\u00f6scht, wenn Sie Ihren Browser schlie\u00dfen.<\/p><p data-start=\"1750\" data-end=\"2137\">Wenn Sie sich einloggen, richten wir au\u00dferdem mehrere Cookies ein, um Ihre Login-Informationen und Ihre Anzeigeeinstellungen zu speichern. Login-Cookies bleiben zwei Tage lang gespeichert, und Anzeigeoptionen-Cookies ein Jahr. Wenn Sie \u201eAngemeldet bleiben\u201c ausw\u00e4hlen, bleibt Ihr Login zwei Wochen lang bestehen. Wenn Sie sich aus Ihrem Konto ausloggen, werden die Login-Cookies gel\u00f6scht.<\/p><p data-start=\"2139\" data-end=\"2415\">Wenn Sie einen Artikel bearbeiten oder ver\u00f6ffentlichen, wird ein weiteres Cookie in Ihrem Browser gespeichert. Dieses Cookie enth\u00e4lt keine personenbezogenen Daten und zeigt lediglich die Beitrags-ID des Artikels an, den Sie gerade bearbeitet haben. Es l\u00e4uft nach einem Tag ab.<\/p><hr data-start=\"2417\" data-end=\"2420\" \/><h2 data-start=\"2422\" data-end=\"2470\"><strong data-start=\"2425\" data-end=\"2470\">Eingebettete Inhalte von anderen Websites<\/strong><\/h2><p data-start=\"2472\" data-end=\"2699\">Artikel auf dieser Website k\u00f6nnen eingebettete Inhalte enthalten (z. B. Videos, Bilder, Artikel usw.). Eingebettete Inhalte von anderen Websites verhalten sich genau so, als h\u00e4tte der Besucher die andere Website selbst besucht.<\/p><p data-start=\"2701\" data-end=\"3029\">Diese Websites k\u00f6nnen Daten \u00fcber Sie sammeln, Cookies verwenden, zus\u00e4tzliche Drittanbieter-Tracking-Tools einbetten und Ihre Interaktion mit diesen eingebetteten Inhalten \u00fcberwachen \u2013 einschlie\u00dflich der Verfolgung Ihrer Interaktion mit den eingebetteten Inhalten, wenn Sie ein Konto haben und auf dieser Website angemeldet sind.<\/p><hr data-start=\"3031\" data-end=\"3034\" \/><h2 data-start=\"3036\" data-end=\"3072\"><strong data-start=\"3039\" data-end=\"3072\">Mit wem wir Ihre Daten teilen<\/strong><\/h2><p data-start=\"3074\" data-end=\"3190\">Wenn Sie eine Passwort-Zur\u00fccksetzung anfordern, wird Ihre IP-Adresse in der E-Mail zur Zur\u00fccksetzung enthalten sein.<\/p><hr data-start=\"3192\" data-end=\"3195\" \/><h2 data-start=\"3197\" data-end=\"3240\"><strong data-start=\"3200\" data-end=\"3240\">Wie lange wir Ihre Daten aufbewahren<\/strong><\/h2><p data-start=\"3242\" data-end=\"3475\">Wenn Sie einen Kommentar hinterlassen, werden der Kommentar und seine Metadaten unbegrenzt gespeichert. Dies dient dazu, Folgekommentare automatisch zu erkennen und freizugeben, anstatt sie in eine Moderationswarteschlange zu setzen.<\/p><p data-start=\"3477\" data-end=\"3856\">F\u00fcr Benutzer, die sich auf unserer Website registrieren (falls vorhanden), speichern wir auch die personenbezogenen Daten, die sie in ihrem Benutzerprofil angeben. Alle Benutzer k\u00f6nnen ihre pers\u00f6nlichen Daten jederzeit einsehen, bearbeiten oder l\u00f6schen (mit Ausnahme ihres Benutzernamens). Administratoren der Website k\u00f6nnen diese Informationen ebenfalls einsehen und bearbeiten.<\/p><hr data-start=\"3858\" data-end=\"3861\" \/><h2 data-start=\"3863\" data-end=\"3908\"><strong data-start=\"3866\" data-end=\"3908\">Welche Rechte Sie an Ihren Daten haben<\/strong><\/h2><p data-start=\"3910\" data-end=\"4390\">Wenn Sie ein Konto auf dieser Website haben oder Kommentare hinterlassen haben, k\u00f6nnen Sie eine exportierte Datei der personenbezogenen Daten anfordern, die wir \u00fcber Sie gespeichert haben, einschlie\u00dflich der Daten, die Sie uns bereitgestellt haben. Sie k\u00f6nnen auch verlangen, dass wir alle personenbezogenen Daten l\u00f6schen, die wir \u00fcber Sie gespeichert haben. Dies umfasst keine Daten, die wir aus administrativen, rechtlichen oder sicherheitsrelevanten Gr\u00fcnden aufbewahren m\u00fcssen.<\/p><hr data-start=\"4392\" data-end=\"4395\" \/><h2 data-start=\"4397\" data-end=\"4436\"><strong data-start=\"4400\" data-end=\"4436\">Wohin Ihre Daten gesendet werden<\/strong><\/h2><p data-start=\"4438\" data-end=\"4531\">Besucherkommentare k\u00f6nnen durch einen automatisierten Spam-Erkennungsdienst \u00fcberpr\u00fcft werden.<\/p>\t\t\t\t\t\t\t\t<\/div>\n\t\t\t\t<\/div>\n\t\t\t\t\t<\/div>\n\t\t\t\t<\/div>\n\t\t\t\t<\/div>","protected":false},"excerpt":{"rendered":"<p>Wer wir sind Kos IT L.L.C Adresse: Mulla Idriz Gjilani, Nr. 413, KosovoTelefonnummer: +383 043860846Unsere Website: https:\/\/kos-it.net Kommentare Wenn Besucher Kommentare auf der Website hinterlassen, sammeln wir die Daten, die im Kommentarformular angezeigt werden, sowie die IP-Adresse des Besuchers und den Browser-User-Agent-String, um die Erkennung von Spam zu unterst\u00fctzen. Eine anonymisierte Zeichenfolge, die aus Ihrer [&hellip;]<\/p>","protected":false},"author":1,"featured_media":0,"parent":0,"menu_order":0,"comment_status":"closed","ping_status":"closed","template":"","meta":{"footnotes":""},"class_list":["post-3","page","type-page","status-publish","hentry"],"_links":{"self":[{"href":"https:\/\/kos-it.net\/en\/wp-json\/wp\/v2\/pages\/3","targetHints":{"allow":["GET"]}}],"collection":[{"href":"https:\/\/kos-it.net\/en\/wp-json\/wp\/v2\/pages"}],"about":[{"href":"https:\/\/kos-it.net\/en\/wp-json\/wp\/v2\/types\/page"}],"author":[{"embeddable":true,"href":"https:\/\/kos-it.net\/en\/wp-json\/wp\/v2\/users\/1"}],"replies":[{"embeddable":true,"href":"https:\/\/kos-it.net\/en\/wp-json\/wp\/v2\/comments?post=3"}],"version-history":[{"count":10,"href":"https:\/\/kos-it.net\/en\/wp-json\/wp\/v2\/pages\/3\/revisions"}],"predecessor-version":[{"id":2977,"href":"https:\/\/kos-it.net\/en\/wp-json\/wp\/v2\/pages\/3\/revisions\/2977"}],"wp:attachment":[{"href":"https:\/\/kos-it.net\/en\/wp-json\/wp\/v2\/media?parent=3"}],"curies":[{"name":"wp","href":"https:\/\/api.w.org\/{rel}","templated":true}]}}