{"id":393,"date":"2022-12-14T14:07:38","date_gmt":"2022-12-14T14:07:38","guid":{"rendered":"https:\/\/kos-it.net\/?page_id=393"},"modified":"2024-08-22T15:11:37","modified_gmt":"2024-08-22T15:11:37","slug":"ueber-uns","status":"publish","type":"page","link":"https:\/\/kos-it.net\/en\/ueber-uns\/","title":{"rendered":"About Us"},"content":{"rendered":"<div data-elementor-type=\"wp-page\" data-elementor-id=\"393\" class=\"elementor elementor-393\" data-elementor-post-type=\"page\">\n\t\t\t\t<div class=\"elementor-element elementor-element-c735800 e-flex e-con-boxed e-con e-parent\" data-id=\"c735800\" data-element_type=\"container\" data-settings=\"{&quot;background_background&quot;:&quot;classic&quot;}\">\n\t\t\t\t\t<div class=\"e-con-inner\">\n\t\t\t\t<div class=\"elementor-element elementor-element-2e47021 elementor-widget elementor-widget-heading\" data-id=\"2e47021\" data-element_type=\"widget\" data-widget_type=\"heading.default\">\n\t\t\t\t<div class=\"elementor-widget-container\">\n\t\t\t\t\t<h1 class=\"elementor-heading-title elementor-size-default\">About Us<\/h1>\t\t\t\t<\/div>\n\t\t\t\t<\/div>\n\t\t\t\t<div class=\"elementor-element elementor-element-0625a5d elementor-widget__width-initial elementor-widget-mobile__width-inherit elementor-widget elementor-widget-text-editor\" data-id=\"0625a5d\" data-element_type=\"widget\" data-widget_type=\"text-editor.default\">\n\t\t\t\t<div class=\"elementor-widget-container\">\n\t\t\t\t\t\t\t\t\t<p>About<strong> Kos-It<\/strong><br \/>Founded in 2021, Kos-It has quickly become a trusted partner in the tech industry, offering cutting-edge IT solutions tailored to meet the needs of businesses of all sizes. Our mission is to empower companies with innovative technology that drives growth, efficiency, and success.<\/p>\t\t\t\t\t\t\t\t<\/div>\n\t\t\t\t<\/div>\n\t\t\t\t<div class=\"elementor-element elementor-element-9037119 elementor-widget elementor-widget-image\" data-id=\"9037119\" data-element_type=\"widget\" data-widget_type=\"image.default\">\n\t\t\t\t<div class=\"elementor-widget-container\">\n\t\t\t\t\t\t\t\t\t\t\t\t\t\t\t<img fetchpriority=\"high\" decoding=\"async\" width=\"1240\" height=\"364\" src=\"https:\/\/kos-it.net\/wp-content\/uploads\/2024\/08\/Rectangle-34.png\" class=\"attachment-full size-full wp-image-1907\" alt=\"\" srcset=\"https:\/\/kos-it.net\/wp-content\/uploads\/2024\/08\/Rectangle-34.png 1240w, https:\/\/kos-it.net\/wp-content\/uploads\/2024\/08\/Rectangle-34-300x88.png 300w, https:\/\/kos-it.net\/wp-content\/uploads\/2024\/08\/Rectangle-34-1024x301.png 1024w, https:\/\/kos-it.net\/wp-content\/uploads\/2024\/08\/Rectangle-34-768x225.png 768w, https:\/\/kos-it.net\/wp-content\/uploads\/2024\/08\/Rectangle-34-18x5.png 18w\" sizes=\"(max-width: 1240px) 100vw, 1240px\" \/>\t\t\t\t\t\t\t\t\t\t\t\t\t\t\t<\/div>\n\t\t\t\t<\/div>\n\t\t<div class=\"elementor-element elementor-element-41f71b2 e-con-full e-flex e-con e-child\" data-id=\"41f71b2\" data-element_type=\"container\">\n\t\t<div class=\"elementor-element elementor-element-1095e19 e-con-full e-flex e-con e-child\" data-id=\"1095e19\" data-element_type=\"container\">\n\t\t\t\t<div class=\"elementor-element elementor-element-e0949cc elementor-widget elementor-widget-heading\" data-id=\"e0949cc\" data-element_type=\"widget\" data-widget_type=\"heading.default\">\n\t\t\t\t<div class=\"elementor-widget-container\">\n\t\t\t\t\t<h2 class=\"elementor-heading-title elementor-size-default\">Our Services<\/h2>\t\t\t\t<\/div>\n\t\t\t\t<\/div>\n\t\t\t\t<div class=\"elementor-element elementor-element-c36b085 elementor-widget elementor-widget-text-editor\" data-id=\"c36b085\" data-element_type=\"widget\" data-widget_type=\"text-editor.default\">\n\t\t\t\t<div class=\"elementor-widget-container\">\n\t\t\t\t\t\t\t\t\t<p><strong>1. Custom Software Development:<\/strong><br \/>At Kos-It, we specialize in crafting bespoke software solutions that align perfectly with your business objectives. Whether it's a robust enterprise system or a sleek mobile application, our team of experts ensures seamless integration and optimal performance.<\/p><p><strong>2. IT Consulting:<\/strong><br \/>Navigating the complex world of IT can be challenging. Our seasoned consultants provide strategic guidance to help you make informed decisions, optimize your IT infrastructure, and stay ahead of the competition.<\/p><p><strong>3. Cloud Solutions:<\/strong><br \/>Embrace the future with our scalable cloud solutions. From migration to management, Kos-It offers comprehensive services that enhance flexibility, reduce costs, and improve collaboration across your organization.<\/p><p><strong>4. Cybersecurity:<\/strong><br \/>Protect your business with our advanced cybersecurity services. We provide comprehensive security assessments, threat monitoring, and incident response to safeguard your data and ensure compliance with industry regulations.<\/p><p><strong>5. IT Support and Maintenance:<\/strong><br \/>Our dedicated support team is here to ensure your IT systems run smoothly 24\/7. We offer proactive monitoring, troubleshooting, and maintenance services to minimize downtime and keep your operations running efficiently.<\/p>\t\t\t\t\t\t\t\t<\/div>\n\t\t\t\t<\/div>\n\t\t\t\t<\/div>\n\t\t<div class=\"elementor-element elementor-element-14bf28c e-con-full e-flex e-con e-child\" data-id=\"14bf28c\" data-element_type=\"container\">\n\t\t<div class=\"elementor-element elementor-element-e9f666d e-con-full e-flex e-con e-child\" data-id=\"e9f666d\" data-element_type=\"container\">\n\t\t\t\t<div class=\"elementor-element elementor-element-474a4d7 elementor-widget elementor-widget-heading\" data-id=\"474a4d7\" data-element_type=\"widget\" data-widget_type=\"heading.default\">\n\t\t\t\t<div class=\"elementor-widget-container\">\n\t\t\t\t\t<h2 class=\"elementor-heading-title elementor-size-default\">Experience<\/h2>\t\t\t\t<\/div>\n\t\t\t\t<\/div>\n\t\t\t\t<\/div>\n\t\t<div class=\"elementor-element elementor-element-56a52bf e-con-full e-flex e-con e-child\" data-id=\"56a52bf\" data-element_type=\"container\">\n\t\t<div class=\"elementor-element elementor-element-2c25f87 e-con-full e-flex e-con e-child\" data-id=\"2c25f87\" data-element_type=\"container\">\n\t\t\t\t<div class=\"elementor-element elementor-element-017160f elementor-widget elementor-widget-heading\" data-id=\"017160f\" data-element_type=\"widget\" data-widget_type=\"heading.default\">\n\t\t\t\t<div class=\"elementor-widget-container\">\n\t\t\t\t\t<h1 class=\"elementor-heading-title elementor-size-default\">2021<\/h1>\t\t\t\t<\/div>\n\t\t\t\t<\/div>\n\t\t\t\t<div class=\"elementor-element elementor-element-e9f1b38 elementor-widget elementor-widget-text-editor\" data-id=\"e9f1b38\" data-element_type=\"widget\" data-widget_type=\"text-editor.default\">\n\t\t\t\t<div class=\"elementor-widget-container\">\n\t\t\t\t\t\t\t\t\t<p>Since<\/p>\t\t\t\t\t\t\t\t<\/div>\n\t\t\t\t<\/div>\n\t\t\t\t<\/div>\n\t\t<div class=\"elementor-element elementor-element-0e88a3c e-con-full e-flex e-con e-child\" data-id=\"0e88a3c\" data-element_type=\"container\">\n\t\t\t\t<div class=\"elementor-element elementor-element-dc70b07 elementor-widget elementor-widget-heading\" data-id=\"dc70b07\" data-element_type=\"widget\" data-widget_type=\"heading.default\">\n\t\t\t\t<div class=\"elementor-widget-container\">\n\t\t\t\t\t<h1 class=\"elementor-heading-title elementor-size-default\">93<\/h1>\t\t\t\t<\/div>\n\t\t\t\t<\/div>\n\t\t\t\t<div class=\"elementor-element elementor-element-2b3107f elementor-widget elementor-widget-text-editor\" data-id=\"2b3107f\" data-element_type=\"widget\" data-widget_type=\"text-editor.default\">\n\t\t\t\t<div class=\"elementor-widget-container\">\n\t\t\t\t\t\t\t\t\t<p>Projects<\/p>\t\t\t\t\t\t\t\t<\/div>\n\t\t\t\t<\/div>\n\t\t\t\t<\/div>\n\t\t<div class=\"elementor-element elementor-element-2db909b e-con-full e-flex e-con e-child\" data-id=\"2db909b\" data-element_type=\"container\">\n\t\t\t\t<div class=\"elementor-element elementor-element-745156e elementor-widget elementor-widget-heading\" data-id=\"745156e\" data-element_type=\"widget\" data-widget_type=\"heading.default\">\n\t\t\t\t<div class=\"elementor-widget-container\">\n\t\t\t\t\t<h1 class=\"elementor-heading-title elementor-size-default\">54<\/h1>\t\t\t\t<\/div>\n\t\t\t\t<\/div>\n\t\t\t\t<div class=\"elementor-element elementor-element-fda3694 elementor-widget elementor-widget-text-editor\" data-id=\"fda3694\" data-element_type=\"widget\" data-widget_type=\"text-editor.default\">\n\t\t\t\t<div class=\"elementor-widget-container\">\n\t\t\t\t\t\t\t\t\t<p>Clients<\/p>\t\t\t\t\t\t\t\t<\/div>\n\t\t\t\t<\/div>\n\t\t\t\t<\/div>\n\t\t\t\t<\/div>\n\t\t\t\t<\/div>\n\t\t\t\t<\/div>\n\t\t<div class=\"elementor-element elementor-element-bc8b835 e-con-full e-flex e-con e-child\" data-id=\"bc8b835\" data-element_type=\"container\">\n\t\t\t\t<div class=\"elementor-element elementor-element-11597f2 elementor-widget elementor-widget-heading\" data-id=\"11597f2\" data-element_type=\"widget\" data-widget_type=\"heading.default\">\n\t\t\t\t<div class=\"elementor-widget-container\">\n\t\t\t\t\t<h2 class=\"elementor-heading-title elementor-size-default\">Von Werten getragen<\/h2>\t\t\t\t<\/div>\n\t\t\t\t<\/div>\n\t\t<div class=\"elementor-element elementor-element-d88406c e-con-full e-flex e-con e-child\" data-id=\"d88406c\" data-element_type=\"container\">\n\t\t\t\t<div class=\"elementor-element elementor-element-f936f40 about-us-icons elementor-widget__width-inherit elementor-widget-tablet__width-inherit elementor-view-default elementor-position-top elementor-mobile-position-top elementor-widget elementor-widget-icon-box\" data-id=\"f936f40\" data-element_type=\"widget\" data-widget_type=\"icon-box.default\">\n\t\t\t\t<div class=\"elementor-widget-container\">\n\t\t\t\t\t\t\t<div class=\"elementor-icon-box-wrapper\">\n\n\t\t\t\t\t\t<div class=\"elementor-icon-box-icon\">\n\t\t\t\t<span  class=\"elementor-icon\">\n\t\t\t\t<svg xmlns=\"http:\/\/www.w3.org\/2000\/svg\" width=\"70\" height=\"70\" viewbox=\"0 0 70 70\" fill=\"none\"><path d=\"M24.1171 24.7831C28.0278 22.3843 31.441 23.351 33.4915 24.8908C34.3323 25.5222 34.7526 25.8379 35 25.8379C35.2473 25.8379 35.6676 25.5222 36.5085 24.8908C38.5589 23.351 41.9722 22.3843 45.8829 24.7831C51.0154 27.9314 52.1765 38.3174 40.338 47.0799C38.0832 48.7489 36.9559 49.5833 35 49.5833C33.044 49.5833 31.9167 48.7489 29.6619 47.0799C17.8233 38.3174 18.9846 27.9314 24.1171 24.7831Z\" stroke=\"#E45826\" stroke-width=\"2\" stroke-linecap=\"round\"><\/path><path d=\"M64.1667 35C64.1667 18.8917 51.1082 5.83331 35 5.83331C18.8917 5.83331 5.83337 18.8917 5.83337 35C5.83337 51.1081 18.8917 64.1666 35 64.1666C51.1082 64.1666 64.1667 51.1081 64.1667 35Z\" stroke=\"#E45826\" stroke-width=\"2\"><\/path><\/svg>\t\t\t\t<\/span>\n\t\t\t<\/div>\n\t\t\t\n\t\t\t\t\t\t<div class=\"elementor-icon-box-content\">\n\n\t\t\t\t\t\t\t\t\t<h3 class=\"elementor-icon-box-title\">\n\t\t\t\t\t\t<span  >\n\t\t\t\t\t\t\tTrust and Respect\t\t\t\t\t\t<\/span>\n\t\t\t\t\t<\/h3>\n\t\t\t\t\n\t\t\t\t\n\t\t\t<\/div>\n\t\t\t\n\t\t<\/div>\n\t\t\t\t\t\t<\/div>\n\t\t\t\t<\/div>\n\t\t\t\t<div class=\"elementor-element elementor-element-291c8fc about-us-icons elementor-widget__width-inherit elementor-widget-tablet__width-inherit elementor-widget-mobile__width-inherit elementor-view-default elementor-position-top elementor-mobile-position-top elementor-widget elementor-widget-icon-box\" data-id=\"291c8fc\" data-element_type=\"widget\" data-widget_type=\"icon-box.default\">\n\t\t\t\t<div class=\"elementor-widget-container\">\n\t\t\t\t\t\t\t<div class=\"elementor-icon-box-wrapper\">\n\n\t\t\t\t\t\t<div class=\"elementor-icon-box-icon\">\n\t\t\t\t<span  class=\"elementor-icon\">\n\t\t\t\t<svg xmlns=\"http:\/\/www.w3.org\/2000\/svg\" width=\"61\" height=\"61\" viewbox=\"0 0 61 61\" fill=\"none\"><path d=\"M44.75 35.4298C44.75 34.4215 44.75 33.9175 44.9017 33.4683C45.3427 32.1628 46.5053 31.6565 47.6699 31.126C48.9792 30.5295 49.6337 30.2314 50.2823 30.1789C51.0188 30.1194 51.7564 30.2781 52.3858 30.6313C53.2203 31.0994 53.8022 31.9893 54.398 32.7129C57.1493 36.0548 58.5251 37.7261 59.0285 39.5688C59.4348 41.0558 59.4348 42.6109 59.0285 44.0978C58.2944 46.7855 55.9748 49.0387 54.2577 51.1241C53.3795 52.1907 52.9403 52.7242 52.3858 53.0354C51.7564 53.3886 51.0188 53.5473 50.2823 53.4878C49.6337 53.4353 48.9792 53.1372 47.6699 52.5407C46.5053 52.0102 45.3427 51.5038 44.9017 50.1983C44.75 49.7492 44.75 49.2452 44.75 48.2369V35.4298Z\" stroke=\"#E45826\" stroke-width=\"2\"><\/path><path d=\"M22.875 56.4167C26.902 60.3055 33.4313 60.3055 37.4583 56.4167\" stroke=\"#E45826\" stroke-width=\"2\" stroke-linecap=\"round\" stroke-linejoin=\"round\"><\/path><path d=\"M15.5833 35.4298C15.5833 34.1605 15.5477 33.0197 14.5214 32.1272C14.1481 31.8026 13.6532 31.5772 12.6635 31.1262C11.3542 30.5301 10.6995 30.232 10.0509 30.1795C8.10474 30.022 7.05768 31.3502 5.93538 32.7132C3.18385 36.0551 1.80809 37.7261 1.30467 39.5688C0.898442 41.0557 0.898442 42.6109 1.30467 44.0978C2.03892 46.7855 4.3586 49.0381 6.07561 51.1235C7.15793 52.438 8.19183 53.6377 10.0509 53.4872C10.6995 53.4347 11.3542 53.1366 12.6635 52.5401C13.6532 52.0895 14.1481 51.864 14.5214 51.5394C15.5477 50.6469 15.5833 49.5062 15.5833 48.2366V35.4298Z\" stroke=\"#E45826\" stroke-width=\"2\"><\/path><path d=\"M1 41.8333V30.1667C1 14.0584 14.0584 1 30.1667 1C46.2748 1 59.3333 14.0584 59.3333 30.1667L59.3336 41.8333\" stroke=\"#E45826\" stroke-width=\"2\" stroke-linecap=\"round\" stroke-linejoin=\"round\"><\/path><\/svg>\t\t\t\t<\/span>\n\t\t\t<\/div>\n\t\t\t\n\t\t\t\t\t\t<div class=\"elementor-icon-box-content\">\n\n\t\t\t\t\t\t\t\t\t<h3 class=\"elementor-icon-box-title\">\n\t\t\t\t\t\t<span  >\n\t\t\t\t\t\t\t24\/7 Customer Support\t\t\t\t\t\t<\/span>\n\t\t\t\t\t<\/h3>\n\t\t\t\t\n\t\t\t\t\n\t\t\t<\/div>\n\t\t\t\n\t\t<\/div>\n\t\t\t\t\t\t<\/div>\n\t\t\t\t<\/div>\n\t\t\t\t<div class=\"elementor-element elementor-element-3f14679 about-us-icons elementor-widget__width-inherit elementor-view-default elementor-position-top elementor-mobile-position-top elementor-widget elementor-widget-icon-box\" data-id=\"3f14679\" data-element_type=\"widget\" data-widget_type=\"icon-box.default\">\n\t\t\t\t<div class=\"elementor-widget-container\">\n\t\t\t\t\t\t\t<div class=\"elementor-icon-box-wrapper\">\n\n\t\t\t\t\t\t<div class=\"elementor-icon-box-icon\">\n\t\t\t\t<span  class=\"elementor-icon\">\n\t\t\t\t<svg xmlns=\"http:\/\/www.w3.org\/2000\/svg\" width=\"61\" height=\"61\" viewbox=\"0 0 61 61\" fill=\"none\"><path d=\"M44.75 35.4298C44.75 34.4215 44.75 33.9175 44.9017 33.4683C45.3427 32.1628 46.5053 31.6565 47.6699 31.126C48.9792 30.5295 49.6337 30.2314 50.2823 30.1789C51.0188 30.1194 51.7564 30.2781 52.3858 30.6313C53.2203 31.0994 53.8022 31.9893 54.398 32.7129C57.1493 36.0548 58.5251 37.7261 59.0285 39.5688C59.4348 41.0558 59.4348 42.6109 59.0285 44.0978C58.2944 46.7855 55.9748 49.0387 54.2577 51.1241C53.3795 52.1907 52.9403 52.7242 52.3858 53.0354C51.7564 53.3886 51.0188 53.5473 50.2823 53.4878C49.6337 53.4353 48.9792 53.1372 47.6699 52.5407C46.5053 52.0102 45.3427 51.5038 44.9017 50.1983C44.75 49.7492 44.75 49.2452 44.75 48.2369V35.4298Z\" stroke=\"#E45826\" stroke-width=\"2\"><\/path><path d=\"M22.875 56.4167C26.902 60.3055 33.4313 60.3055 37.4583 56.4167\" stroke=\"#E45826\" stroke-width=\"2\" stroke-linecap=\"round\" stroke-linejoin=\"round\"><\/path><path d=\"M15.5833 35.4298C15.5833 34.1605 15.5477 33.0197 14.5214 32.1272C14.1481 31.8026 13.6532 31.5772 12.6635 31.1262C11.3542 30.5301 10.6995 30.232 10.0509 30.1795C8.10474 30.022 7.05768 31.3502 5.93538 32.7132C3.18385 36.0551 1.80809 37.7261 1.30467 39.5688C0.898442 41.0557 0.898442 42.6109 1.30467 44.0978C2.03892 46.7855 4.3586 49.0381 6.07561 51.1235C7.15793 52.438 8.19183 53.6377 10.0509 53.4872C10.6995 53.4347 11.3542 53.1366 12.6635 52.5401C13.6532 52.0895 14.1481 51.864 14.5214 51.5394C15.5477 50.6469 15.5833 49.5062 15.5833 48.2366V35.4298Z\" stroke=\"#E45826\" stroke-width=\"2\"><\/path><path d=\"M1 41.8333V30.1667C1 14.0584 14.0584 1 30.1667 1C46.2748 1 59.3333 14.0584 59.3333 30.1667L59.3336 41.8333\" stroke=\"#E45826\" stroke-width=\"2\" stroke-linecap=\"round\" stroke-linejoin=\"round\"><\/path><\/svg>\t\t\t\t<\/span>\n\t\t\t<\/div>\n\t\t\t\n\t\t\t\t\t\t<div class=\"elementor-icon-box-content\">\n\n\t\t\t\t\t\t\t\t\t<h3 class=\"elementor-icon-box-title\">\n\t\t\t\t\t\t<span  >\n\t\t\t\t\t\t\t24\/7 Support\t\t\t\t\t\t<\/span>\n\t\t\t\t\t<\/h3>\n\t\t\t\t\n\t\t\t\t\n\t\t\t<\/div>\n\t\t\t\n\t\t<\/div>\n\t\t\t\t\t\t<\/div>\n\t\t\t\t<\/div>\n\t\t\t\t<\/div>\n\t\t\t\t<\/div>\n\t\t\t\t\t<\/div>\n\t\t\t\t<\/div>\n\t\t<div class=\"elementor-element elementor-element-ca835af e-flex e-con-boxed e-con e-parent\" data-id=\"ca835af\" data-element_type=\"container\">\n\t\t\t\t\t<div class=\"e-con-inner\">\n\t\t\t\t<div class=\"elementor-element elementor-element-06789ab elementor-widget elementor-widget-heading\" data-id=\"06789ab\" data-element_type=\"widget\" data-widget_type=\"heading.default\">\n\t\t\t\t<div class=\"elementor-widget-container\">\n\t\t\t\t\t<h2 class=\"elementor-heading-title elementor-size-default\">Career<\/h2>\t\t\t\t<\/div>\n\t\t\t\t<\/div>\n\t\t<div class=\"elementor-element elementor-element-5d63087 e-con-full e-flex e-con e-child\" data-id=\"5d63087\" data-element_type=\"container\">\n\t\t\t\t<div class=\"elementor-element elementor-element-bfde557 elementor-widget elementor-widget-heading\" data-id=\"bfde557\" data-element_type=\"widget\" data-widget_type=\"heading.default\">\n\t\t\t\t<div class=\"elementor-widget-container\">\n\t\t\t\t\t<h2 class=\"elementor-heading-title elementor-size-default\">Web Developer<\/h2>\t\t\t\t<\/div>\n\t\t\t\t<\/div>\n\t\t\t\t<div class=\"elementor-element elementor-element-57f5062 elementor-widget elementor-widget-button\" data-id=\"57f5062\" data-element_type=\"widget\" data-widget_type=\"button.default\">\n\t\t\t\t<div class=\"elementor-widget-container\">\n\t\t\t\t\t\t\t\t\t<div class=\"elementor-button-wrapper\">\n\t\t\t\t\t<a class=\"elementor-button elementor-button-link elementor-size-sm\" href=\"mailto:info@kos-it.net\">\n\t\t\t\t\t\t<span class=\"elementor-button-content-wrapper\">\n\t\t\t\t\t\t<span class=\"elementor-button-icon\">\n\t\t\t\t<svg xmlns=\"http:\/\/www.w3.org\/2000\/svg\" width=\"67\" height=\"67\" viewbox=\"0 0 67 67\" fill=\"none\"><path d=\"M55.8336 33.4994H11.167\" stroke=\"#E45826\" stroke-width=\"2\" stroke-linecap=\"round\" stroke-linejoin=\"round\"><\/path><path d=\"M41.8758 47.4583C41.8758 47.4583 55.8338 37.1783 55.8338 33.5C55.8338 29.8217 41.8755 19.5416 41.8755 19.5416\" stroke=\"#E45826\" stroke-width=\"2\" stroke-linecap=\"round\" stroke-linejoin=\"round\"><\/path><\/svg>\t\t\t<\/span>\n\t\t\t\t\t\t\t\t\t<span class=\"elementor-button-text\">Apply now<\/span>\n\t\t\t\t\t<\/span>\n\t\t\t\t\t<\/a>\n\t\t\t\t<\/div>\n\t\t\t\t\t\t\t\t<\/div>\n\t\t\t\t<\/div>\n\t\t\t\t<\/div>\n\t\t<div class=\"elementor-element elementor-element-176311a e-con-full e-flex e-con e-child\" data-id=\"176311a\" data-element_type=\"container\">\n\t\t\t\t<div class=\"elementor-element elementor-element-eb8245a elementor-widget elementor-widget-heading\" data-id=\"eb8245a\" data-element_type=\"widget\" data-widget_type=\"heading.default\">\n\t\t\t\t<div class=\"elementor-widget-container\">\n\t\t\t\t\t<h2 class=\"elementor-heading-title elementor-size-default\">Social Media Manager<\/h2>\t\t\t\t<\/div>\n\t\t\t\t<\/div>\n\t\t\t\t<div class=\"elementor-element elementor-element-571dc35 elementor-widget elementor-widget-button\" data-id=\"571dc35\" data-element_type=\"widget\" data-widget_type=\"button.default\">\n\t\t\t\t<div class=\"elementor-widget-container\">\n\t\t\t\t\t\t\t\t\t<div class=\"elementor-button-wrapper\">\n\t\t\t\t\t<a class=\"elementor-button elementor-button-link elementor-size-sm\" href=\"mailto:info@kos-it.net\">\n\t\t\t\t\t\t<span class=\"elementor-button-content-wrapper\">\n\t\t\t\t\t\t<span class=\"elementor-button-icon\">\n\t\t\t\t<svg xmlns=\"http:\/\/www.w3.org\/2000\/svg\" width=\"67\" height=\"67\" viewbox=\"0 0 67 67\" fill=\"none\"><path d=\"M55.8336 33.4994H11.167\" stroke=\"#E45826\" stroke-width=\"2\" stroke-linecap=\"round\" stroke-linejoin=\"round\"><\/path><path d=\"M41.8758 47.4583C41.8758 47.4583 55.8338 37.1783 55.8338 33.5C55.8338 29.8217 41.8755 19.5416 41.8755 19.5416\" stroke=\"#E45826\" stroke-width=\"2\" stroke-linecap=\"round\" stroke-linejoin=\"round\"><\/path><\/svg>\t\t\t<\/span>\n\t\t\t\t\t\t\t\t\t<span class=\"elementor-button-text\">Apply now<\/span>\n\t\t\t\t\t<\/span>\n\t\t\t\t\t<\/a>\n\t\t\t\t<\/div>\n\t\t\t\t\t\t\t\t<\/div>\n\t\t\t\t<\/div>\n\t\t\t\t<\/div>\n\t\t<div class=\"elementor-element elementor-element-d2c454d e-con-full e-flex e-con e-child\" data-id=\"d2c454d\" data-element_type=\"container\">\n\t\t\t\t<div class=\"elementor-element elementor-element-cdd641e elementor-widget elementor-widget-heading\" data-id=\"cdd641e\" data-element_type=\"widget\" data-widget_type=\"heading.default\">\n\t\t\t\t<div class=\"elementor-widget-container\">\n\t\t\t\t\t<h2 class=\"elementor-heading-title elementor-size-default\">Graphic Designer<\/h2>\t\t\t\t<\/div>\n\t\t\t\t<\/div>\n\t\t\t\t<div class=\"elementor-element elementor-element-9740311 elementor-widget elementor-widget-button\" data-id=\"9740311\" data-element_type=\"widget\" data-widget_type=\"button.default\">\n\t\t\t\t<div class=\"elementor-widget-container\">\n\t\t\t\t\t\t\t\t\t<div class=\"elementor-button-wrapper\">\n\t\t\t\t\t<a class=\"elementor-button elementor-button-link elementor-size-sm\" href=\"mailto:info@kos-it.net\">\n\t\t\t\t\t\t<span class=\"elementor-button-content-wrapper\">\n\t\t\t\t\t\t<span class=\"elementor-button-icon\">\n\t\t\t\t<svg xmlns=\"http:\/\/www.w3.org\/2000\/svg\" width=\"67\" height=\"67\" viewbox=\"0 0 67 67\" fill=\"none\"><path d=\"M55.8336 33.4994H11.167\" stroke=\"#E45826\" stroke-width=\"2\" stroke-linecap=\"round\" stroke-linejoin=\"round\"><\/path><path d=\"M41.8758 47.4583C41.8758 47.4583 55.8338 37.1783 55.8338 33.5C55.8338 29.8217 41.8755 19.5416 41.8755 19.5416\" stroke=\"#E45826\" stroke-width=\"2\" stroke-linecap=\"round\" stroke-linejoin=\"round\"><\/path><\/svg>\t\t\t<\/span>\n\t\t\t\t\t\t\t\t\t<span class=\"elementor-button-text\">Apply now<\/span>\n\t\t\t\t\t<\/span>\n\t\t\t\t\t<\/a>\n\t\t\t\t<\/div>\n\t\t\t\t\t\t\t\t<\/div>\n\t\t\t\t<\/div>\n\t\t\t\t<\/div>\n\t\t\t\t\t<\/div>\n\t\t\t\t<\/div>\n\t\t\t\t<\/div>","protected":false},"excerpt":{"rendered":"<p>\u00dcber uns \u00dcber Kos-ItGegr\u00fcndet im Jahr 2021, hat sich Kos-It schnell als vertrauensw\u00fcrdiger Partner in der Technologiebranche etabliert und bietet ma\u00dfgeschneiderte IT-L\u00f6sungen, die den Anforderungen von Unternehmen jeder Gr\u00f6\u00dfe gerecht werden. Unsere Mission ist es, Unternehmen mit innovativer Technologie zu st\u00e4rken, die Wachstum, Effizienz und Erfolg vorantreibt. Unsere Dienstleistungen 1. Individuelle Softwareentwicklung:Bei Kos-It sind wir [&hellip;]<\/p>","protected":false},"author":1,"featured_media":0,"parent":0,"menu_order":0,"comment_status":"closed","ping_status":"closed","template":"","meta":{"footnotes":""},"class_list":["post-393","page","type-page","status-publish","hentry"],"_links":{"self":[{"href":"https:\/\/kos-it.net\/en\/wp-json\/wp\/v2\/pages\/393","targetHints":{"allow":["GET"]}}],"collection":[{"href":"https:\/\/kos-it.net\/en\/wp-json\/wp\/v2\/pages"}],"about":[{"href":"https:\/\/kos-it.net\/en\/wp-json\/wp\/v2\/types\/page"}],"author":[{"embeddable":true,"href":"https:\/\/kos-it.net\/en\/wp-json\/wp\/v2\/users\/1"}],"replies":[{"embeddable":true,"href":"https:\/\/kos-it.net\/en\/wp-json\/wp\/v2\/comments?post=393"}],"version-history":[{"count":10,"href":"https:\/\/kos-it.net\/en\/wp-json\/wp\/v2\/pages\/393\/revisions"}],"predecessor-version":[{"id":2832,"href":"https:\/\/kos-it.net\/en\/wp-json\/wp\/v2\/pages\/393\/revisions\/2832"}],"wp:attachment":[{"href":"https:\/\/kos-it.net\/en\/wp-json\/wp\/v2\/media?parent=393"}],"curies":[{"name":"wp","href":"https:\/\/api.w.org\/{rel}","templated":true}]}}